{"id":2550,"date":"2026-02-20T15:17:54","date_gmt":"2026-02-20T15:17:54","guid":{"rendered":"https:\/\/dovo.pt\/faqs-ovoprodutos\/"},"modified":"2026-04-10T10:42:53","modified_gmt":"2026-04-10T10:42:53","slug":"faqs-ovoprodutos","status":"publish","type":"page","link":"https:\/\/dovo.pt\/es\/faqs-ovoprodutos\/","title":{"rendered":"FAQs"},"content":{"rendered":"\n\t<section class=\"section\" id=\"section_1053757795\">\n\t\t<div class=\"section-bg fill\" >\n\t\t\t\t\t\t\t\t\t\n\t\t\t\n\n\t\t<\/div>\n\n\t\t\n\n\t\t<div class=\"section-content relative\">\n\t\t\t\n<div class=\"slider-wrapper relative\" id=\"slider-2096184083\" >\n    <div class=\"slider slider-nav-circle slider-nav-large slider-nav-light slider-style-normal\"\n        data-flickity-options='{\n            \"cellAlign\": \"center\",\n            \"imagesLoaded\": true,\n            \"lazyLoad\": 1,\n            \"freeScroll\": false,\n            \"wrapAround\": true,\n            \"autoPlay\": 6000,\n            \"pauseAutoPlayOnHover\" : true,\n            \"prevNextButtons\": true,\n            \"contain\" : true,\n            \"adaptiveHeight\" : true,\n            \"dragThreshold\" : 10,\n            \"percentPosition\": true,\n            \"pageDots\": true,\n            \"rightToLeft\": false,\n            \"draggable\": true,\n            \"selectedAttraction\": 0.1,\n            \"parallax\" : 0,\n            \"friction\": 0.6        }'\n        >\n        \n\n  <div class=\"banner has-hover bg-overlay-remove bg-overlay-remove has-slide-effect slide-fade-in\" id=\"banner-1405074460\">\n          <div class=\"banner-inner fill\">\n        <div class=\"banner-bg fill\" >\n            <img loading=\"lazy\" decoding=\"async\" width=\"1920\" height=\"1076\" src=\"https:\/\/dovo.pt\/wp-content\/uploads\/2026\/03\/18133_quadricula_banners.png\" class=\"bg attachment-original size-original\" alt=\"\" \/>                                    \n                    <\/div>\n\t\t\n        <div class=\"banner-layers container\">\n            <div class=\"fill banner-link\"><\/div>            \n   <div id=\"text-box-1447040088\" class=\"text-box banner-layer x50 md-x50 lg-x50 y50 md-y50 lg-y50 res-text\">\n                                <div class=\"text-box-content text dark\">\n              \n              <div class=\"text-inner text-center\">\n                  \n\t<div id=\"text-2957593283\" class=\"text\">\n\t\t\n<h2 class=\"uppercase\"><strong>FAQ<\/strong><\/h2>\n<p><\/p>\n<h3>Preguntas Frecuentes<\/h3>\n<p>Consulta aqu\u00ed las respuestas a las preguntas m\u00e1s frecuentes sobre los ovoproductos Dovo<\/p>\n\t\t\n<style>\n#text-2957593283 {\n  font-size: 1rem;\n  color: #efaa05;\n}\n#text-2957593283 > * {\n  color: #efaa05;\n}\n<\/style>\n\t<\/div>\n\t\n              <\/div>\n           <\/div>\n                            \n<style>\n#text-box-1447040088 .text-box-content {\n  background-color: #ffffff;\n  font-size: 100%;\n}\n#text-box-1447040088 .text-inner {\n  padding: 10px 10px 10px 10px;\n}\n#text-box-1447040088 {\n  width: 100%;\n}\n@media (min-width:550px) {\n  #text-box-1447040088 {\n    width: 50%;\n  }\n}\n@media (min-width:850px) {\n  #text-box-1447040088 {\n    width: 50%;\n  }\n}\n<\/style>\n    <\/div>\n \n        <\/div>\n      <\/div>\n\n            \n<style>\n#banner-1405074460 {\n  padding-top: 400px;\n}\n#banner-1405074460 .banner-bg img {\n  object-position: 58% 24%;\n}\n@media (min-width:550px) {\n  #banner-1405074460 {\n    padding-top: 300px;\n  }\n}\n<\/style>\n  <\/div>\n\n\n     <\/div>\n\n     <div class=\"loading-spin dark large centered\"><\/div>\n\n\t<\/div>\n\n\n\t\t<\/div>\n\n\t\t\n<style>\n#section_1053757795 {\n  padding-top: 0px;\n  padding-bottom: 0px;\n}\n<\/style>\n\t<\/section>\n\t\n\n\t<section class=\"section\" id=\"section_1916465407\">\n\t\t<div class=\"section-bg fill\" >\n\t\t\t\t\t\t\t\t\t\n\t\t\t\n\n\t\t<\/div>\n\n\t\t\n\n\t\t<div class=\"section-content relative\">\n\t\t\t\n\t<div id=\"gap-353313338\" class=\"gap-element clearfix\" style=\"display:block; height:auto;\">\n\t\t\n<style>\n#gap-353313338 {\n  padding-top: 100px;\n}\n<\/style>\n\t<\/div>\n\t\n<div class=\"row row-collapse\"  id=\"row-1246734396\">\n\n\t<div id=\"col-2087655081\" class=\"col small-12 large-12\"  >\n\t\t\t\t<div class=\"col-inner\"  >\n\t\t\t\n\t\t\t\n<h3 class=\"accordion_title\">SEGURIDAD ALIMENTARIA<\/h3><div class=\"accordion faqs\">\n\t<div id=\"accordion-3290516027\" class=\"accordion-item\">\n\t\t<a id=\"accordion-3290516027-label\" class=\"accordion-title plain\" href=\"#accordion-item-\u00bfqu\u00e9-significa-huevo-pasteurizado?\" aria-expanded=\"false\" aria-controls=\"accordion-3290516027-content\">\n\t\t\t<button class=\"toggle\" aria-label=\"Toggle\"><i class=\"icon-angle-down\" aria-hidden=\"true\"><\/i><\/button>\n\t\t\t<span>\u00bfQu\u00e9 significa huevo pasteurizado?<\/span>\n\t\t<\/a>\n\t\t<div id=\"accordion-3290516027-content\" class=\"accordion-inner\" aria-labelledby=\"accordion-3290516027-label\">\n\t\t\t\n<p>Significa que los huevos han sido sometidos a un tratamiento t\u00e9rmico controlado, que elimina microorganismos pat\u00f3genos, como la salmonela, manteniendo las propiedades nutricionales.<\/p>\n\t\t<\/div>\n\t<\/div>\n\t\n\t<div id=\"accordion-1063903851\" class=\"accordion-item\">\n\t\t<a id=\"accordion-1063903851-label\" class=\"accordion-title plain\" href=\"#accordion-item-\u00bflos-ovoproductos-pasteurizados-son-seguros-para-consumir-sin-cocinar?\" aria-expanded=\"false\" aria-controls=\"accordion-1063903851-content\">\n\t\t\t<button class=\"toggle\" aria-label=\"Toggle\"><i class=\"icon-angle-down\" aria-hidden=\"true\"><\/i><\/button>\n\t\t\t<span>\u00bfLos ovoproductos pasteurizados son seguros para consumir sin cocinar?<\/span>\n\t\t<\/a>\n\t\t<div id=\"accordion-1063903851-content\" class=\"accordion-inner\" aria-labelledby=\"accordion-1063903851-label\">\n\t\t\t\n<p>S\u00ed. La pasteurizaci\u00f3n reduce el riesgo microbiol\u00f3gico, permitiendo su uso seguro en recetas que no se hornean ni se cocinan.<\/p>\n\t\t<\/div>\n\t<\/div>\n\t\n\t<div id=\"accordion-2604378709\" class=\"accordion-item\">\n\t\t<a id=\"accordion-2604378709-label\" class=\"accordion-title plain\" href=\"#accordion-item-\u00bfexiste-riesgo-de-salmonela?\" aria-expanded=\"false\" aria-controls=\"accordion-2604378709-content\">\n\t\t\t<button class=\"toggle\" aria-label=\"Toggle\"><i class=\"icon-angle-down\" aria-hidden=\"true\"><\/i><\/button>\n\t\t\t<span>\u00bfExiste riesgo de salmonela?<\/span>\n\t\t<\/a>\n\t\t<div id=\"accordion-2604378709-content\" class=\"accordion-inner\" aria-labelledby=\"accordion-2604378709-label\">\n\t\t\t\n<p>El riesgo se reduce significativamente debido al control sanitario, la monitorizaci\u00f3n continua y la trazabilidad total del proceso productivo.<\/p>\n\t\t<\/div>\n\t<\/div>\n\t\n\t<div id=\"accordion-1714830530\" class=\"accordion-item\">\n\t\t<a id=\"accordion-1714830530-label\" class=\"accordion-title plain\" href=\"#accordion-item-\u00bflos-productos-son-seguros-para-embarazadas-y-ni\u00f1os?\" aria-expanded=\"false\" aria-controls=\"accordion-1714830530-content\">\n\t\t\t<button class=\"toggle\" aria-label=\"Toggle\"><i class=\"icon-angle-down\" aria-hidden=\"true\"><\/i><\/button>\n\t\t\t<span>\u00bfLos productos son seguros para embarazadas y ni\u00f1os?<\/span>\n\t\t<\/a>\n\t\t<div id=\"accordion-1714830530-content\" class=\"accordion-inner\" aria-labelledby=\"accordion-1714830530-label\">\n\t\t\t\n<p>S\u00ed, siempre que se respeten las condiciones de conservaci\u00f3n indicadas en el envase.<\/p>\n\t\t<\/div>\n\t<\/div>\n\t\n<\/div>\n\t<div id=\"gap-1406477592\" class=\"gap-element clearfix\" style=\"display:block; height:auto;\">\n\t\t\n<style>\n#gap-1406477592 {\n  padding-top: 50px;\n}\n<\/style>\n\t<\/div>\n\t\n<h3 class=\"accordion_title\">CONSERVACI\u00d3N<\/h3><div class=\"accordion faqs\">\n\t<div id=\"accordion-2467907376\" class=\"accordion-item\">\n\t\t<a id=\"accordion-2467907376-label\" class=\"accordion-title plain\" href=\"#accordion-item-\u00bfcu\u00e1nto-tiempo-duran-los-ovoproductos-tras-su-apertura?\" aria-expanded=\"false\" aria-controls=\"accordion-2467907376-content\">\n\t\t\t<button class=\"toggle\" aria-label=\"Toggle\"><i class=\"icon-angle-down\" aria-hidden=\"true\"><\/i><\/button>\n\t\t\t<span>\u00bfCu\u00e1nto tiempo duran los ovoproductos tras su apertura?<\/span>\n\t\t<\/a>\n\t\t<div id=\"accordion-2467907376-content\" class=\"accordion-inner\" aria-labelledby=\"accordion-2467907376-label\">\n\t\t\t\n<p>Todo depende del producto. Por lo general, los ovoproductos deben conservarse refrigerados y consumirse dentro del plazo indicado en el envase, una vez abiertos.<\/p>\n\t\t<\/div>\n\t<\/div>\n\t\n\t<div id=\"accordion-2566197596\" class=\"accordion-item\">\n\t\t<a id=\"accordion-2566197596-label\" class=\"accordion-title plain\" href=\"#accordion-item-\u00bflos-productos-pueden-congelarse?\" aria-expanded=\"false\" aria-controls=\"accordion-2566197596-content\">\n\t\t\t<button class=\"toggle\" aria-label=\"Toggle\"><i class=\"icon-angle-down\" aria-hidden=\"true\"><\/i><\/button>\n\t\t\t<span>\u00bfLos productos pueden congelarse?<\/span>\n\t\t<\/a>\n\t\t<div id=\"accordion-2566197596-content\" class=\"accordion-inner\" aria-labelledby=\"accordion-2566197596-label\">\n\t\t\t\n<p>Algunos ovoproductos l\u00edquidos pueden congelarse. Se recomienda consultar la informaci\u00f3n espec\u00edfica de cada producto.<\/p>\n\t\t<\/div>\n\t<\/div>\n\t\n<\/div>\n\t<div id=\"gap-829311424\" class=\"gap-element clearfix\" style=\"display:block; height:auto;\">\n\t\t\n<style>\n#gap-829311424 {\n  padding-top: 50px;\n}\n<\/style>\n\t<\/div>\n\t\n<h3 class=\"accordion_title\">PRODUCCI\u00d3N Y TRAZABILIDAD<\/h3><div class=\"accordion faqs\">\n\t<div id=\"accordion-137564285\" class=\"accordion-item\">\n\t\t<a id=\"accordion-137564285-label\" class=\"accordion-title plain\" href=\"#accordion-item-\u00bfde-d\u00f3nde-proceden-los-huevos-utilizados-en-los-productos-dovo?\" aria-expanded=\"false\" aria-controls=\"accordion-137564285-content\">\n\t\t\t<button class=\"toggle\" aria-label=\"Toggle\"><i class=\"icon-angle-down\" aria-hidden=\"true\"><\/i><\/button>\n\t\t\t<span>\u00bfDe d\u00f3nde proceden los huevos utilizados en los productos DOVO?<\/span>\n\t\t<\/a>\n\t\t<div id=\"accordion-137564285-content\" class=\"accordion-inner\" aria-labelledby=\"accordion-137564285-label\">\n\t\t\t\n<p>Los huevos que est\u00e1n en el origen de los productos Dovo se producen en unidades integradas en el Grupo CAC, con control total de la cadena de valor.<\/p>\n\t\t<\/div>\n\t<\/div>\n\t\n\t<div id=\"accordion-2516005833\" class=\"accordion-item\">\n\t\t<a id=\"accordion-2516005833-label\" class=\"accordion-title plain\" href=\"#accordion-item-\u00bfqu\u00e9-significa-integraci\u00f3n-vertical?\" aria-expanded=\"false\" aria-controls=\"accordion-2516005833-content\">\n\t\t\t<button class=\"toggle\" aria-label=\"Toggle\"><i class=\"icon-angle-down\" aria-hidden=\"true\"><\/i><\/button>\n\t\t\t<span>\u00bfQu\u00e9 significa integraci\u00f3n vertical?<\/span>\n\t\t<\/a>\n\t\t<div id=\"accordion-2516005833-content\" class=\"accordion-inner\" aria-labelledby=\"accordion-2516005833-label\">\n\t\t\t\n<p>Significa que el Grupo controla todas las fases del proceso productivo: producci\u00f3n de pienso, granjas de gallinas ponedoras, clasificaci\u00f3n, transformaci\u00f3n, transporte y control sanitario.<\/p>\n\t\t<\/div>\n\t<\/div>\n\t\n<\/div>\n\t<div id=\"gap-1709182345\" class=\"gap-element clearfix\" style=\"display:block; height:auto;\">\n\t\t\n<style>\n#gap-1709182345 {\n  padding-top: 100px;\n}\n<\/style>\n\t<\/div>\n\t\n\t\t<\/div>\n\t\t\t\t\n<style>\n#col-2087655081 > .col-inner {\n  padding: 0px 10px 0px 10px;\n}\n@media (min-width:550px) {\n  #col-2087655081 > .col-inner {\n    padding: 0px 10px 0px 10px;\n  }\n}\n<\/style>\n\t<\/div>\n\n\t\n<\/div>\n\t\t<\/div>\n\n\t\t\n<style>\n#section_1916465407 {\n  padding-top: 0px;\n  padding-bottom: 0px;\n}\n<\/style>\n\t<\/section>\n\t\n","protected":false},"excerpt":{"rendered":"","protected":false},"author":1,"featured_media":0,"parent":0,"menu_order":5,"comment_status":"closed","ping_status":"closed","template":"","meta":{"footnotes":""},"class_list":["post-2550","page","type-page","status-publish","hentry"],"_links":{"self":[{"href":"https:\/\/dovo.pt\/es\/wp-json\/wp\/v2\/pages\/2550","targetHints":{"allow":["GET"]}}],"collection":[{"href":"https:\/\/dovo.pt\/es\/wp-json\/wp\/v2\/pages"}],"about":[{"href":"https:\/\/dovo.pt\/es\/wp-json\/wp\/v2\/types\/page"}],"author":[{"embeddable":true,"href":"https:\/\/dovo.pt\/es\/wp-json\/wp\/v2\/users\/1"}],"replies":[{"embeddable":true,"href":"https:\/\/dovo.pt\/es\/wp-json\/wp\/v2\/comments?post=2550"}],"version-history":[{"count":6,"href":"https:\/\/dovo.pt\/es\/wp-json\/wp\/v2\/pages\/2550\/revisions"}],"predecessor-version":[{"id":2720,"href":"https:\/\/dovo.pt\/es\/wp-json\/wp\/v2\/pages\/2550\/revisions\/2720"}],"wp:attachment":[{"href":"https:\/\/dovo.pt\/es\/wp-json\/wp\/v2\/media?parent=2550"}],"curies":[{"name":"wp","href":"https:\/\/api.w.org\/{rel}","templated":true}]}}