{"id":2766,"date":"2026-02-18T16:05:13","date_gmt":"2026-02-18T16:05:13","guid":{"rendered":"https:\/\/dovo.pt\/politica-de-privacidade\/"},"modified":"2026-04-10T11:28:54","modified_gmt":"2026-04-10T11:28:54","slug":"politica-de-privacidad","status":"publish","type":"page","link":"https:\/\/dovo.pt\/es\/politica-de-privacidad\/","title":{"rendered":"Pol\u00edtica de privacidad"},"content":{"rendered":"\n\t<section class=\"section\" id=\"section_353389530\">\n\t\t<div class=\"section-bg fill\" >\n\t\t\t\t\t\t\t\t\t\n\t\t\t\n\n\t\t<\/div>\n\n\t\t\n\n\t\t<div class=\"section-content relative\">\n\t\t\t\n<div class=\"row row-collapse row-full-width align-middle align-center\"  id=\"row-1424463022\">\n\n\t<div id=\"col-505915622\" class=\"col small-12 large-12\"  >\n\t\t\t\t<div class=\"col-inner\"  >\n\t\t\t\n\t\t\t\n<div class=\"slider-wrapper relative\" id=\"slider-254345248\" >\n    <div class=\"slider slider-nav-circle slider-nav-large slider-nav-light slider-style-normal\"\n        data-flickity-options='{\n            \"cellAlign\": \"center\",\n            \"imagesLoaded\": true,\n            \"lazyLoad\": 1,\n            \"freeScroll\": false,\n            \"wrapAround\": true,\n            \"autoPlay\": 6000,\n            \"pauseAutoPlayOnHover\" : true,\n            \"prevNextButtons\": true,\n            \"contain\" : true,\n            \"adaptiveHeight\" : true,\n            \"dragThreshold\" : 10,\n            \"percentPosition\": true,\n            \"pageDots\": true,\n            \"rightToLeft\": false,\n            \"draggable\": true,\n            \"selectedAttraction\": 0.1,\n            \"parallax\" : 0,\n            \"friction\": 0.6        }'\n        >\n        \n\n  <div class=\"banner has-hover bg-overlay-remove bg-overlay-remove has-slide-effect slide-fade-in\" id=\"banner-986878597\">\n          <div class=\"banner-inner fill\">\n        <div class=\"banner-bg fill\" >\n            <img loading=\"lazy\" decoding=\"async\" width=\"1920\" height=\"1076\" src=\"https:\/\/dovo.pt\/wp-content\/uploads\/2026\/03\/18133_quadricula_banners.png\" class=\"bg attachment-original size-original\" alt=\"\" \/>                                    \n                    <\/div>\n\t\t\n        <div class=\"banner-layers container\">\n            <div class=\"fill banner-link\"><\/div>            \n   <div id=\"text-box-361651540\" class=\"text-box banner-layer x50 md-x50 lg-x50 y50 md-y50 lg-y50 res-text\">\n                                <div class=\"text-box-content text dark\">\n              \n              <div class=\"text-inner text-center\">\n                  \n\t<div id=\"text-2513789658\" class=\"text\">\n\t\t\n<p><\/p>\n<h2 class=\"uppercase\"><strong>POL\u00cdTICA DE PRIVACIDAD<\/strong><\/h2>\n<p><\/p>\n<h3>Tu privacidad es importante para nosotros.<\/h3>\n<p><\/p>\n<p>Es pol\u00edtica de DOVO respetar tu privacidad en relaci\u00f3n con cualquier informaci\u00f3n tuya que podamos recopilar en nuestro sitio web.<\/p>\n<p>\n\t\t\n<style>\n#text-2513789658 {\n  font-size: 1rem;\n  color: #f0ab03;\n}\n#text-2513789658 > * {\n  color: #f0ab03;\n}\n<\/style>\n\t<\/div>\n\t\n              <\/div>\n           <\/div>\n                            \n<style>\n#text-box-361651540 .text-box-content {\n  background-color: #ffffff;\n  font-size: 100%;\n}\n#text-box-361651540 .text-inner {\n  padding: 10px 10px 10px 10px;\n}\n#text-box-361651540 {\n  width: 100%;\n}\n@media (min-width:550px) {\n  #text-box-361651540 {\n    width: 50%;\n  }\n}\n<\/style>\n    <\/div>\n \n        <\/div>\n      <\/div>\n\n            \n<style>\n#banner-986878597 {\n  padding-top: 400px;\n}\n#banner-986878597 .banner-bg img {\n  object-position: 58% 24%;\n}\n@media (min-width:550px) {\n  #banner-986878597 {\n    padding-top: 300px;\n  }\n}\n<\/style>\n  <\/div>\n\n\n     <\/div>\n\n     <div class=\"loading-spin dark large centered\"><\/div>\n\n\t<\/div>\n\n\n\t\t<\/div>\n\t\t\t\t\t<\/div>\n\n\t\n<\/div>\n\t\t<\/div>\n\n\t\t\n<style>\n#section_353389530 {\n  padding-top: 0px;\n  padding-bottom: 0px;\n}\n<\/style>\n\t<\/section>\n\t\n\n\t<section class=\"section\" id=\"section_960630622\">\n\t\t<div class=\"section-bg fill\" >\n\t\t\t\t\t\t\t\t\t\n\t\t\t\n\n\t\t<\/div>\n\n\t\t\n\n\t\t<div class=\"section-content relative\">\n\t\t\t\n\t<div id=\"gap-2008800776\" class=\"gap-element clearfix\" style=\"display:block; height:auto;\">\n\t\t\n<style>\n#gap-2008800776 {\n  padding-top: 100px;\n}\n<\/style>\n\t<\/div>\n\t\n<div class=\"row row-collapse\"  id=\"row-1172846488\">\n\n\t<div id=\"col-537449\" class=\"col small-12 large-12\"  >\n\t\t\t\t<div class=\"col-inner\"  >\n\t\t\t\n\t\t\t\n<h3>C\u00f3mo tratamos tus datos<\/h3>\n<p><\/p>\n<p>Solicitamos informaci\u00f3n personal solo cuando realmente la necesitamos para proporcionarte un servicio solicitado por ti, en particular para el env\u00edo de newsletters. Lo hacemos por medios justos y legales, con tu conocimiento y consentimiento.<br \/>\nSolo conservamos la informaci\u00f3n recopilada durante el tiempo necesario para proporcionar el servicio solicitado. Los datos almacenados est\u00e1n protegidos para evitar p\u00e9rdidas y robos, as\u00ed como accesos, divulgaciones, copias, usos o modificaciones no autorizados.<\/p>\n<p><\/p>\n<p>No compartimos informaci\u00f3n de identificaci\u00f3n personal p\u00fablicamente ni con terceros, excepto cuando lo exige la ley.<\/p>\n<p><\/p>\n<p>Nuestro sitio puede tener enlaces a sitios externos que no son operados por nosotros. Ten en cuenta que no tenemos control sobre el contenido y las pr\u00e1cticas de esos sitios y no podemos responsabilizarnos de sus pol\u00edticas de privacidad.<\/p>\n<p><\/p>\n<p>El usuario es libre de rechazar nuestra solicitud de datos personales, entendiendo que, sin ellos, no podremos proporcionar algunos de los servicios deseados.<\/p>\n<p><\/p>\n<p>Al utilizar nuestro sitio web consideramos que est\u00e1s aceptando nuestras pr\u00e1cticas en torno a la privacidad y la informaci\u00f3n personal.<\/p>\n<p><\/p>\n<p>Si tienes alguna duda sobre c\u00f3mo tratamos los datos del usuario y la informaci\u00f3n personal, ponte en contacto con nosotros.<\/p>\n\t<div id=\"gap-1702916952\" class=\"gap-element clearfix\" style=\"display:block; height:auto;\">\n\t\t\n<style>\n#gap-1702916952 {\n  padding-top: 100px;\n}\n<\/style>\n\t<\/div>\n\t\n\t\t<\/div>\n\t\t\t\t\n<style>\n#col-537449 > .col-inner {\n  padding: 0px 10px 0px 10px;\n}\n<\/style>\n\t<\/div>\n\n\t\n<\/div>\n\t\t<\/div>\n\n\t\t\n<style>\n#section_960630622 {\n  padding-top: 0px;\n  padding-bottom: 0px;\n}\n<\/style>\n\t<\/section>\n\t\n","protected":false},"excerpt":{"rendered":"","protected":false},"author":1,"featured_media":0,"parent":0,"menu_order":0,"comment_status":"closed","ping_status":"closed","template":"","meta":{"footnotes":""},"class_list":["post-2766","page","type-page","status-publish","hentry"],"_links":{"self":[{"href":"https:\/\/dovo.pt\/es\/wp-json\/wp\/v2\/pages\/2766","targetHints":{"allow":["GET"]}}],"collection":[{"href":"https:\/\/dovo.pt\/es\/wp-json\/wp\/v2\/pages"}],"about":[{"href":"https:\/\/dovo.pt\/es\/wp-json\/wp\/v2\/types\/page"}],"author":[{"embeddable":true,"href":"https:\/\/dovo.pt\/es\/wp-json\/wp\/v2\/users\/1"}],"replies":[{"embeddable":true,"href":"https:\/\/dovo.pt\/es\/wp-json\/wp\/v2\/comments?post=2766"}],"version-history":[{"count":10,"href":"https:\/\/dovo.pt\/es\/wp-json\/wp\/v2\/pages\/2766\/revisions"}],"predecessor-version":[{"id":2776,"href":"https:\/\/dovo.pt\/es\/wp-json\/wp\/v2\/pages\/2766\/revisions\/2776"}],"wp:attachment":[{"href":"https:\/\/dovo.pt\/es\/wp-json\/wp\/v2\/media?parent=2766"}],"curies":[{"name":"wp","href":"https:\/\/api.w.org\/{rel}","templated":true}]}}