{"id":2781,"date":"2026-03-06T10:16:58","date_gmt":"2026-03-06T10:16:58","guid":{"rendered":"https:\/\/dovo.pt\/dovo\/"},"modified":"2026-04-13T15:54:58","modified_gmt":"2026-04-13T15:54:58","slug":"dovo","status":"publish","type":"page","link":"https:\/\/dovo.pt\/es\/dovo\/","title":{"rendered":"Dovo"},"content":{"rendered":"\n\t<section class=\"section hide-for-small\" id=\"section_867587801\">\n\t\t<div class=\"section-bg fill\" >\n\t\t\t\t\t\t\t\t\t\n\t\t\t\n\n\t\t<\/div>\n\n\t\t\n\n\t\t<div class=\"section-content relative\">\n\t\t\t\n<div class=\"slider-wrapper relative\" id=\"slider-479623740\" >\n    <div class=\"slider slider-nav-circle slider-nav-large slider-nav-light slider-style-normal\"\n        data-flickity-options='{\n            \"cellAlign\": \"center\",\n            \"imagesLoaded\": true,\n            \"lazyLoad\": 1,\n            \"freeScroll\": false,\n            \"wrapAround\": true,\n            \"autoPlay\": 6000,\n            \"pauseAutoPlayOnHover\" : true,\n            \"prevNextButtons\": true,\n            \"contain\" : true,\n            \"adaptiveHeight\" : true,\n            \"dragThreshold\" : 10,\n            \"percentPosition\": true,\n            \"pageDots\": true,\n            \"rightToLeft\": false,\n            \"draggable\": true,\n            \"selectedAttraction\": 0.1,\n            \"parallax\" : 0,\n            \"friction\": 0.6        }'\n        >\n        \n\n  <div class=\"banner has-hover bg-overlay-remove bg-overlay-remove has-slide-effect slide-fade-in\" id=\"banner-821128318\">\n          <div class=\"banner-inner fill\">\n        <div class=\"banner-bg fill\" >\n            <img loading=\"lazy\" decoding=\"async\" width=\"1920\" height=\"1076\" src=\"https:\/\/dovo.pt\/wp-content\/uploads\/2026\/03\/18133_quadricula_banners.png\" class=\"bg attachment-original size-original\" alt=\"\" \/>                                    \n                    <\/div>\n\t\t\n        <div class=\"banner-layers container\">\n            <div class=\"fill banner-link\"><\/div>            \n   <div id=\"text-box-551599437\" class=\"text-box banner-layer x25 md-x25 lg-x25 y30 md-y50 lg-y50 res-text\">\n                     <div data-animate=\"none\">           <div class=\"text-box-content text dark\">\n              \n              <div class=\"text-inner text-center\">\n                  \n\t<div id=\"text-3983917029\" class=\"text\">\n\t\t\n<h3 class=\"thin-font\">EL HUEVO EN TODAS SUS FORMAS<\/h3>\n<p>Productos pr\u00e1cticos, seguros y trazables, desarrollados a partir de la experiencia industrial de uno de los mayores grupos ib\u00e9ricos del sector del huevo.<\/p>\n\t\t\n<style>\n#text-3983917029 {\n  color: #efaa05;\n}\n#text-3983917029 > * {\n  color: #efaa05;\n}\n<\/style>\n\t<\/div>\n\t\n              <\/div>\n           <\/div>\n       <\/div>                     \n<style>\n#text-box-551599437 .text-box-content {\n  background-color: #ffffff;\n  font-size: 100%;\n}\n#text-box-551599437 .text-inner {\n  padding: 10px 15px 10px 15px;\n}\n#text-box-551599437 {\n  width: 50%;\n}\n<\/style>\n    <\/div>\n \n        <\/div>\n      <\/div>\n\n            \n<style>\n#banner-821128318 {\n  padding-top: 300px;\n}\n#banner-821128318 .banner-bg img {\n  object-position: 72% 24%;\n}\n<\/style>\n  <\/div>\n\n\n     <\/div>\n\n     <div class=\"loading-spin dark large centered\"><\/div>\n\n\t<\/div>\n\n\n\t\t<\/div>\n\n\t\t\n<style>\n#section_867587801 {\n  padding-top: 0px;\n  padding-bottom: 0px;\n}\n<\/style>\n\t<\/section>\n\t\n\n\t<section class=\"section show-for-small\" id=\"section_1769506375\">\n\t\t<div class=\"section-bg fill\" >\n\t\t\t\t\t\t\t\t\t\n\t\t\t\n\n\t\t<\/div>\n\n\t\t\n\n\t\t<div class=\"section-content relative\">\n\t\t\t\n<div class=\"slider-wrapper relative\" id=\"slider-336028884\" >\n    <div class=\"slider slider-nav-circle slider-nav-large slider-nav-light slider-style-normal\"\n        data-flickity-options='{\n            \"cellAlign\": \"center\",\n            \"imagesLoaded\": true,\n            \"lazyLoad\": 1,\n            \"freeScroll\": false,\n            \"wrapAround\": true,\n            \"autoPlay\": 6000,\n            \"pauseAutoPlayOnHover\" : true,\n            \"prevNextButtons\": true,\n            \"contain\" : true,\n            \"adaptiveHeight\" : true,\n            \"dragThreshold\" : 10,\n            \"percentPosition\": true,\n            \"pageDots\": true,\n            \"rightToLeft\": false,\n            \"draggable\": true,\n            \"selectedAttraction\": 0.1,\n            \"parallax\" : 0,\n            \"friction\": 0.6        }'\n        >\n        \n\n  <div class=\"banner has-hover bg-overlay-remove bg-overlay-remove-50 has-slide-effect slide-fade-in\" id=\"banner-2084129130\">\n          <div class=\"banner-inner fill\">\n        <div class=\"banner-bg fill\" >\n            <img loading=\"lazy\" decoding=\"async\" width=\"1920\" height=\"1076\" src=\"https:\/\/dovo.pt\/wp-content\/uploads\/2026\/03\/18133_quadricula_banners.png\" class=\"bg attachment-original size-original\" alt=\"\" \/>                                    \n                    <\/div>\n\t\t\n        <div class=\"banner-layers container\">\n            <div class=\"fill banner-link\"><\/div>            \n   <div id=\"text-box-2747854\" class=\"text-box banner-layer x50 md-x15 lg-x15 y15 md-y50 lg-y50 res-text\">\n                     <div data-animate=\"flipInY\">           <div class=\"text-box-content text dark\">\n              \n              <div class=\"text-inner text-center\">\n                  \n<div class=\"is-divider divider clearfix\" ><\/div>\n\t<div id=\"text-3665034939\" class=\"text\">\n\t\t\n<h3 class=\"thin-font\">EL HUEVO EN TODAS SUS FORMAS<\/h3>\n<p>Productos pr\u00e1cticos, seguros y trazables, desarrollados a partir de la experiencia industrial de uno de los mayores grupos ib\u00e9ricos del sector de los huevos.<\/p>\n\t\t\n<style>\n#text-3665034939 {\n  font-size: 1rem;\n  color: #efaa05;\n}\n#text-3665034939 > * {\n  color: #efaa05;\n}\n<\/style>\n\t<\/div>\n\t\n<div class=\"is-divider divider clearfix\" ><\/div>\n              <\/div>\n           <\/div>\n       <\/div>                     \n<style>\n#text-box-2747854 .text-box-content {\n  background-color: rgb(255, 255, 255);\n  font-size: 100%;\n}\n#text-box-2747854 .text-inner {\n  padding: 10px 10px 10px 10px;\n}\n#text-box-2747854 {\n  width: 90%;\n}\n@media (min-width:550px) {\n  #text-box-2747854 {\n    width: 40%;\n  }\n}\n<\/style>\n    <\/div>\n \n        <\/div>\n      <\/div>\n\n            \n<style>\n#banner-2084129130 {\n  padding-top: 400px;\n}\n@media (min-width:550px) {\n  #banner-2084129130 {\n    padding-top: 600px;\n  }\n}\n<\/style>\n  <\/div>\n\n\n     <\/div>\n\n     <div class=\"loading-spin dark large centered\"><\/div>\n\n\t<\/div>\n\n\n\t\t<\/div>\n\n\t\t\n<style>\n#section_1769506375 {\n  padding-top: 0px;\n  padding-bottom: 0px;\n}\n<\/style>\n\t<\/section>\n\t\n\n\t<section class=\"section service-experience\" id=\"section_2111581244\">\n\t\t<div class=\"section-bg fill\" >\n\t\t\t\t\t\t\t\t\t\n\t\t\t\n\n\t\t<\/div>\n\n\t\t\n\n\t\t<div class=\"section-content relative\">\n\t\t\t\n<div class=\"row align-center\"  id=\"row-541802640\">\n\n\t<div id=\"col-1468227656\" class=\"col medium-8 small-12 large-8\"  >\n\t\t\t\t<div class=\"col-inner text-center\"  >\n\t\t\t\n\t\t\t\n\t<div id=\"gap-196161762\" class=\"gap-element clearfix\" style=\"display:block; height:auto;\">\n\t\t\n<style>\n#gap-196161762 {\n  padding-top: 50px;\n}\n@media (min-width:550px) {\n  #gap-196161762 {\n    padding-top: 100px;\n  }\n}\n<\/style>\n\t<\/div>\n\t\n<h2 class=\"uppercase\">la experiencia al servicio del consumidor y de los profesionales.<\/h2>\n\t<div id=\"gap-96723337\" class=\"gap-element clearfix\" style=\"display:block; height:auto;\">\n\t\t\n<style>\n#gap-96723337 {\n  padding-top: 50px;\n}\n@media (min-width:550px) {\n  #gap-96723337 {\n    padding-top: 50px;\n  }\n}\n@media (min-width:850px) {\n  #gap-96723337 {\n    padding-top: 30px;\n  }\n}\n<\/style>\n\t<\/div>\n\t\n<p>Creada en el seno de uno de los mayores grupos ib\u00e9ricos del sector del huevo, DOVO re\u00fane soluciones pr\u00e1cticas, seguras y listas para usar, desde huevos l\u00edquidos pasteurizados hasta huevos cocidos, en polvo y otras especialidades.<\/p>\n\t<div id=\"gap-75467375\" class=\"gap-element clearfix\" style=\"display:block; height:auto;\">\n\t\t\n<style>\n#gap-75467375 {\n  padding-top: 50px;\n}\n@media (min-width:550px) {\n  #gap-75467375 {\n    padding-top: 50px;\n  }\n}\n@media (min-width:850px) {\n  #gap-75467375 {\n    padding-top: 30px;\n  }\n}\n<\/style>\n\t<\/div>\n\t\n<p>Todos los productos son desarrollados y producidos por Derovo, empresa especializada en la transformaci\u00f3n de ovoproductos, integrada en el Grupo CAC, una estructura totalmente vertical que controla todo el proceso productivo.<\/p>\n\t\t<\/div>\n\t\t\t\t\t<\/div>\n\n\t\n<\/div>\n\t\t<\/div>\n\n\t\t\n<style>\n#section_2111581244 {\n  padding-top: 30px;\n  padding-bottom: 30px;\n}\n<\/style>\n\t<\/section>\n\t\n\t<div id=\"gap-1746455114\" class=\"gap-element clearfix\" style=\"display:block; height:auto;\">\n\t\t\n<style>\n#gap-1746455114 {\n  padding-top: 50px;\n}\n@media (min-width:550px) {\n  #gap-1746455114 {\n    padding-top: 50px;\n  }\n}\n@media (min-width:850px) {\n  #gap-1746455114 {\n    padding-top: 30px;\n  }\n}\n<\/style>\n\t<\/div>\n\t\n<div class=\"row align-middle align-center\"  id=\"row-1426167125\">\n\n\t<div id=\"col-273694292\" class=\"col hide-for-medium medium-3 small-12 large-3\"  >\n\t\t\t\t<div class=\"col-inner text-center\"  >\n\t\t\t\n\t\t\t\n\t\t<\/div>\n\t\t\t\t\t<\/div>\n\n\t\n\n\t<div id=\"col-271046875\" class=\"col medium-4 small-12 large-3\"  >\n\t\t\t\t<div class=\"col-inner text-center\"  >\n\t\t\t\n\t\t\t\n<a href=\"https:\/\/www.derovo.com\/\" target=\"_blank\" class=\"button primary expand\" rel=\"noopener\">\n\t\t<span>Conoce Derovo<\/span>\n\t<\/a>\n\n\t\t<\/div>\n\t\t\t\t\t<\/div>\n\n\t\n\n\t<div id=\"col-899767210\" class=\"col medium-4 small-12 large-3\"  >\n\t\t\t\t<div class=\"col-inner text-center\"  >\n\t\t\t\n\t\t\t\n<a href=\"https:\/\/grupocac.pt\/\" target=\"_blank\" class=\"button primary expand\" rel=\"noopener\">\n\t\t<span>Conoce el Grupo CAC<\/span>\n\t<\/a>\n\n\t\t<\/div>\n\t\t\t\t\t<\/div>\n\n\t\n\n\t<div id=\"col-1534695624\" class=\"col hide-for-medium medium-3 small-12 large-3\"  >\n\t\t\t\t<div class=\"col-inner text-center\"  >\n\t\t\t\n\t\t\t\n\t\t<\/div>\n\t\t\t\t\t<\/div>\n\n\t\n<\/div>\n\t<div id=\"gap-1857023867\" class=\"gap-element clearfix\" style=\"display:block; height:auto;\">\n\t\t\n<style>\n#gap-1857023867 {\n  padding-top: 50px;\n}\n@media (min-width:550px) {\n  #gap-1857023867 {\n    padding-top: 50px;\n  }\n}\n@media (min-width:850px) {\n  #gap-1857023867 {\n    padding-top: 50px;\n  }\n}\n<\/style>\n\t<\/div>\n\t\n\n\t<section class=\"section\" id=\"section_1618140982\">\n\t\t<div class=\"section-bg fill\" >\n\t\t\t\t\t\t\t\t\t\n\t\t\t\n\n\t\t<\/div>\n\n\t\t\n\n\t\t<div class=\"section-content relative\">\n\t\t\t\n<div class=\"row\"  id=\"row-2121736725\">\n\n\t<div id=\"col-2007892993\" class=\"col medium-7 small-12 large-7\"  data-animate=\"fadeInUp\">\n\t\t<div class=\"is-sticky-column\"><div class=\"is-sticky-column__inner\">\t\t<div class=\"col-inner text-center\"  >\n\t\t\t\n\t\t\t\n<div class=\"slider-wrapper relative\" id=\"slider-853630643\" >\n    <div class=\"slider slider-nav-dots-dashes slider-nav-circle slider-nav-large slider-nav-light slider-style-focus\"\n        data-flickity-options='{\n            \"cellAlign\": \"center\",\n            \"imagesLoaded\": true,\n            \"lazyLoad\": 1,\n            \"freeScroll\": false,\n            \"wrapAround\": true,\n            \"autoPlay\": 6000,\n            \"pauseAutoPlayOnHover\" : true,\n            \"prevNextButtons\": true,\n            \"contain\" : true,\n            \"adaptiveHeight\" : true,\n            \"dragThreshold\" : 10,\n            \"percentPosition\": true,\n            \"pageDots\": true,\n            \"rightToLeft\": false,\n            \"draggable\": true,\n            \"selectedAttraction\": 0.1,\n            \"parallax\" : 0,\n            \"friction\": 0.6        }'\n        >\n        \n\t<div class=\"img has-hover x md-x lg-x y md-y lg-y\" id=\"image_451437809\">\n\t\t\t\t\t\t\t\t<div class=\"img-inner dark\" >\n\t\t\t<img loading=\"lazy\" decoding=\"async\" width=\"1024\" height=\"800\" src=\"https:\/\/dovo.pt\/wp-content\/uploads\/2026\/03\/dovo_tentugal_1024x800.png\" class=\"attachment-original size-original\" alt=\"ovoprodutos ovo l\u00edquido Dovo\" srcset=\"https:\/\/dovo.pt\/wp-content\/uploads\/2026\/03\/dovo_tentugal_1024x800.png 1024w, https:\/\/dovo.pt\/wp-content\/uploads\/2026\/03\/dovo_tentugal_1024x800-800x625.png 800w, https:\/\/dovo.pt\/wp-content\/uploads\/2026\/03\/dovo_tentugal_1024x800-500x391.png 500w, https:\/\/dovo.pt\/wp-content\/uploads\/2026\/03\/dovo_tentugal_1024x800-768x600.png 768w\" sizes=\"auto, (max-width: 1024px) 100vw, 1024px\" \/>\t\t\t\t\t\t\n\t\t\t\t\t<\/div>\n\t\t\t\t\t\t\t\t\n<style>\n#image_451437809 {\n  width: 80%;\n}\n<\/style>\n\t<\/div>\n\t\n\t<div class=\"img has-hover x md-x lg-x y md-y lg-y\" id=\"image_1053177192\">\n\t\t\t\t\t\t\t\t<div class=\"img-inner dark\" >\n\t\t\t<img loading=\"lazy\" decoding=\"async\" width=\"1024\" height=\"800\" src=\"https:\/\/dovo.pt\/wp-content\/uploads\/2026\/03\/dovo_suspiros_1024x800.png\" class=\"attachment-original size-original\" alt=\"ovoprodutos Dovo claras\" srcset=\"https:\/\/dovo.pt\/wp-content\/uploads\/2026\/03\/dovo_suspiros_1024x800.png 1024w, https:\/\/dovo.pt\/wp-content\/uploads\/2026\/03\/dovo_suspiros_1024x800-800x625.png 800w, https:\/\/dovo.pt\/wp-content\/uploads\/2026\/03\/dovo_suspiros_1024x800-500x391.png 500w, https:\/\/dovo.pt\/wp-content\/uploads\/2026\/03\/dovo_suspiros_1024x800-768x600.png 768w\" sizes=\"auto, (max-width: 1024px) 100vw, 1024px\" \/>\t\t\t\t\t\t\n\t\t\t\t\t<\/div>\n\t\t\t\t\t\t\t\t\n<style>\n#image_1053177192 {\n  width: 100%;\n}\n<\/style>\n\t<\/div>\n\t\n\t<div class=\"img has-hover x md-x lg-x y md-y lg-y\" id=\"image_298834417\">\n\t\t\t\t\t\t\t\t<div class=\"img-inner dark\" >\n\t\t\t<img loading=\"lazy\" decoding=\"async\" width=\"1024\" height=\"800\" src=\"https:\/\/dovo.pt\/wp-content\/uploads\/2026\/03\/dovo_sandes_abacate_1024x800.png\" class=\"attachment-original size-original\" alt=\"ovoprodutos Dovo cozidos\" srcset=\"https:\/\/dovo.pt\/wp-content\/uploads\/2026\/03\/dovo_sandes_abacate_1024x800.png 1024w, https:\/\/dovo.pt\/wp-content\/uploads\/2026\/03\/dovo_sandes_abacate_1024x800-800x625.png 800w, https:\/\/dovo.pt\/wp-content\/uploads\/2026\/03\/dovo_sandes_abacate_1024x800-500x391.png 500w, https:\/\/dovo.pt\/wp-content\/uploads\/2026\/03\/dovo_sandes_abacate_1024x800-768x600.png 768w\" sizes=\"auto, (max-width: 1024px) 100vw, 1024px\" \/>\t\t\t\t\t\t\n\t\t\t\t\t<\/div>\n\t\t\t\t\t\t\t\t\n<style>\n#image_298834417 {\n  width: 100%;\n}\n<\/style>\n\t<\/div>\n\t\n\t<div class=\"img has-hover x md-x lg-x y md-y lg-y\" id=\"image_1460820389\">\n\t\t\t\t\t\t\t\t<div class=\"img-inner dark\" >\n\t\t\t<img loading=\"lazy\" decoding=\"async\" width=\"1024\" height=\"800\" src=\"https:\/\/dovo.pt\/wp-content\/uploads\/2026\/03\/dovo_quiche_1024x800.png\" class=\"attachment-original size-original\" alt=\"ovoprodutos Dovo ovo inteiro quiche\" srcset=\"https:\/\/dovo.pt\/wp-content\/uploads\/2026\/03\/dovo_quiche_1024x800.png 1024w, https:\/\/dovo.pt\/wp-content\/uploads\/2026\/03\/dovo_quiche_1024x800-800x625.png 800w, https:\/\/dovo.pt\/wp-content\/uploads\/2026\/03\/dovo_quiche_1024x800-500x391.png 500w, https:\/\/dovo.pt\/wp-content\/uploads\/2026\/03\/dovo_quiche_1024x800-768x600.png 768w\" sizes=\"auto, (max-width: 1024px) 100vw, 1024px\" \/>\t\t\t\t\t\t\n\t\t\t\t\t<\/div>\n\t\t\t\t\t\t\t\t\n<style>\n#image_1460820389 {\n  width: 100%;\n}\n<\/style>\n\t<\/div>\n\t\n\t<div class=\"img has-hover x md-x lg-x y md-y lg-y\" id=\"image_1235785530\">\n\t\t\t\t\t\t\t\t<div class=\"img-inner dark\" >\n\t\t\t<img loading=\"lazy\" decoding=\"async\" width=\"1024\" height=\"800\" src=\"https:\/\/dovo.pt\/wp-content\/uploads\/2026\/03\/dovo_lanche_criancas_1024x800.png\" class=\"attachment-original size-original\" alt=\"ovoprodutos Dovo lanche\" srcset=\"https:\/\/dovo.pt\/wp-content\/uploads\/2026\/03\/dovo_lanche_criancas_1024x800.png 1024w, https:\/\/dovo.pt\/wp-content\/uploads\/2026\/03\/dovo_lanche_criancas_1024x800-800x625.png 800w, https:\/\/dovo.pt\/wp-content\/uploads\/2026\/03\/dovo_lanche_criancas_1024x800-500x391.png 500w, https:\/\/dovo.pt\/wp-content\/uploads\/2026\/03\/dovo_lanche_criancas_1024x800-768x600.png 768w\" sizes=\"auto, (max-width: 1024px) 100vw, 1024px\" \/>\t\t\t\t\t\t\n\t\t\t\t\t<\/div>\n\t\t\t\t\t\t\t\t\n<style>\n#image_1235785530 {\n  width: 100%;\n}\n<\/style>\n\t<\/div>\n\t\n\t<div class=\"img has-hover x md-x lg-x y md-y lg-y\" id=\"image_809142909\">\n\t\t\t\t\t\t\t\t<div class=\"img-inner dark\" >\n\t\t\t<img loading=\"lazy\" decoding=\"async\" width=\"1020\" height=\"797\" src=\"https:\/\/dovo.pt\/wp-content\/uploads\/2026\/03\/dovo_omelete_1024x800.png\" class=\"attachment-large size-large\" alt=\"ovoprodutos Dovo omelete espinafres\" srcset=\"https:\/\/dovo.pt\/wp-content\/uploads\/2026\/03\/dovo_omelete_1024x800.png 1024w, https:\/\/dovo.pt\/wp-content\/uploads\/2026\/03\/dovo_omelete_1024x800-800x625.png 800w, https:\/\/dovo.pt\/wp-content\/uploads\/2026\/03\/dovo_omelete_1024x800-500x391.png 500w, https:\/\/dovo.pt\/wp-content\/uploads\/2026\/03\/dovo_omelete_1024x800-768x600.png 768w\" sizes=\"auto, (max-width: 1020px) 100vw, 1020px\" \/>\t\t\t\t\t\t\n\t\t\t\t\t<\/div>\n\t\t\t\t\t\t\t\t\n<style>\n#image_809142909 {\n  width: 100%;\n}\n<\/style>\n\t<\/div>\n\t\n     <\/div>\n\n     <div class=\"loading-spin dark large centered\"><\/div>\n\n\t<\/div>\n\n\n\t<div id=\"gap-49612113\" class=\"gap-element clearfix show-for-small\" style=\"display:block; height:auto;\">\n\t\t\n<style>\n#gap-49612113 {\n  padding-top: 50px;\n}\n@media (min-width:550px) {\n  #gap-49612113 {\n    padding-top: 100px;\n  }\n}\n<\/style>\n\t<\/div>\n\t\n\t\t<\/div>\n\t\t<\/div><\/div>\t\t\t<\/div>\n\n\t\n\n\t<div id=\"col-640112276\" class=\"col medium-5 small-12 large-5\"  >\n\t\t\t\t<div class=\"col-inner\"  >\n\t\t\t\n\t\t\t\n<h2 class=\"uppercase\">\u00bfPara qui\u00e9n es DOVO?<\/h2>\n<p>Para quienes cocinan en casa y buscan soluciones r\u00e1pidas y seguras.<br \/>Para el canal HORECA, que necesita eficiencia en la cocina.<br \/>Para la industria alimentaria, que exige consistencia y fiabilidad.<\/p>\n\t<div id=\"gap-655402592\" class=\"gap-element clearfix\" style=\"display:block; height:auto;\">\n\t\t\n<style>\n#gap-655402592 {\n  padding-top: 30px;\n}\n<\/style>\n\t<\/div>\n\t\n<h2 class=\"uppercase\">\u00bfQu\u00e9 distingue a Dovo?<\/h2>\n\t<div id=\"gap-1563799783\" class=\"gap-element clearfix\" style=\"display:block; height:auto;\">\n\t\t\n<style>\n#gap-1563799783 {\n  padding-top: 10px;\n}\n@media (min-width:550px) {\n  #gap-1563799783 {\n    padding-top: 5px;\n  }\n}\n<\/style>\n\t<\/div>\n\t\n<h3 class=\"thin-font\">Origen controlado<\/h3>\n<p>DOVO naci\u00f3 dentro de un grupo con integraci\u00f3n vertical total, que acompa\u00f1a todo el proceso, desde la producci\u00f3n de los huevos hasta su transformaci\u00f3n en ovoproductos.<\/p>\n\t<div id=\"gap-2005068481\" class=\"gap-element clearfix\" style=\"display:block; height:auto;\">\n\t\t\n<style>\n#gap-2005068481 {\n  padding-top: 20px;\n}\n<\/style>\n\t<\/div>\n\t\n<h3 class=\"thin-font\">Calidad consistente<\/h3>\n<p>Procesos rigurosos y control permanente garantizan productos seguros, estables y con un rendimiento uniforme.<\/p>\n\t<div id=\"gap-1137730502\" class=\"gap-element clearfix\" style=\"display:block; height:auto;\">\n\t\t\n<style>\n#gap-1137730502 {\n  padding-top: 20px;\n}\n<\/style>\n\t<\/div>\n\t\n<h3 class=\"thin-font\">Conveniencia pensada para la cocina real<\/h3>\n<p>Formatos pr\u00e1cticos, listos para usar, que simplifican el trabajo, tanto en casa como en entorno profesional.<\/p>\n\t<div id=\"gap-2058457955\" class=\"gap-element clearfix\" style=\"display:block; height:auto;\">\n\t\t\n<style>\n#gap-2058457955 {\n  padding-top: 20px;\n}\n<\/style>\n\t<\/div>\n\t\n<h3 class=\"thin-font\">Presencia Ib\u00e9rica<\/h3>\n<p>Con unidades industriales en Portugal y Espa\u00f1a, Derovo transforma m\u00e1s de mil millones de huevos al a\u00f1o y es hoy una referencia en el mercado ib\u00e9rico de ovoproductos.<\/p>\n\t\t<\/div>\n\t\t\t\t\n<style>\n#col-640112276 > .col-inner {\n  padding: 0px 0px 0px 20px;\n}\n<\/style>\n\t<\/div>\n\n\t\n<\/div>\n\t<div id=\"gap-749010200\" class=\"gap-element clearfix\" style=\"display:block; height:auto;\">\n\t\t\n<style>\n#gap-749010200 {\n  padding-top: 30px;\n}\n@media (min-width:550px) {\n  #gap-749010200 {\n    padding-top: 100px;\n  }\n}\n<\/style>\n\t<\/div>\n\t\n<div class=\"row align-middle align-center\"  id=\"row-26024577\">\n\n\t<div id=\"col-1754661296\" class=\"col hide-for-small medium-4 small-12 large-4\"  >\n\t\t\t\t<div class=\"col-inner\"  >\n\t\t\t\n\t\t\t\n\t\t<\/div>\n\t\t\t\t\t<\/div>\n\n\t\n\n\t<div id=\"col-1110780478\" class=\"col medium-4 small-12 large-4\"  >\n\t\t\t\t<div class=\"col-inner\"  >\n\t\t\t\n\t\t\t\n<a href=\"#popup-contacto\" class=\"button primary is-outline expand\" >\n\t\t<span>SOLICITAR CAT\u00c1LOGO<\/span>\n\t<\/a>\n\n\n\t<div id=\"popup-contacto\"\n\t     class=\"lightbox-by-id lightbox-content mfp-hide lightbox-white \"\n\t     style=\"max-width:500px ;padding:20px\">\n\t\t\n<div class=\"row align-center popup-form\"  id=\"row-1548397424\">\n\n\n\t<div id=\"col-1072360303\" class=\"col small-12 large-12\"  >\n\t\t\t\t<div class=\"col-inner\"  >\n\t\t\t\n\t\t\t\n\n<br>\n<div class=\"wpcf7 no-js\" id=\"wpcf7-f2950-o1\" lang=\"es-ES\" dir=\"ltr\" data-wpcf7-id=\"2950\">\n<div class=\"screen-reader-response\"><p role=\"status\" aria-live=\"polite\" aria-atomic=\"true\"><\/p> <ul><\/ul><\/div>\n<form action=\"\/es\/wp-json\/wp\/v2\/pages\/2781#wpcf7-f2950-o1\" method=\"post\" class=\"wpcf7-form init\" aria-label=\"Formulario de contacto\" novalidate=\"novalidate\" data-status=\"init\">\n<fieldset class=\"hidden-fields-container\"><input type=\"hidden\" name=\"_wpcf7\" value=\"2950\" \/><input type=\"hidden\" name=\"_wpcf7_version\" value=\"6.1.5\" \/><input type=\"hidden\" name=\"_wpcf7_locale\" value=\"es_ES\" \/><input type=\"hidden\" name=\"_wpcf7_unit_tag\" value=\"wpcf7-f2950-o1\" \/><input type=\"hidden\" name=\"_wpcf7_container_post\" value=\"0\" \/><input type=\"hidden\" name=\"_wpcf7_posted_data_hash\" value=\"\" \/><input type=\"hidden\" name=\"_wpcf7_recaptcha_response\" value=\"\" \/>\n<\/fieldset>\n<p><label> NOMBRE<br \/>\n<span class=\"wpcf7-form-control-wrap\" data-name=\"your-name\"><input size=\"40\" maxlength=\"400\" class=\"wpcf7-form-control wpcf7-text wpcf7-validates-as-required\" autocomplete=\"name\" aria-required=\"true\" aria-invalid=\"false\" value=\"\" type=\"text\" name=\"your-name\" \/><\/span> <\/label>\n<\/p>\n<p><label> EMAIL<br \/>\n<span class=\"wpcf7-form-control-wrap\" data-name=\"your-email\"><input size=\"40\" maxlength=\"400\" class=\"wpcf7-form-control wpcf7-email wpcf7-validates-as-required wpcf7-text wpcf7-validates-as-email\" autocomplete=\"email\" aria-required=\"true\" aria-invalid=\"false\" value=\"\" type=\"email\" name=\"your-email\" \/><\/span> <\/label>\n<\/p>\n<p><label> ASUNTO<br \/>\n<span class=\"wpcf7-form-control-wrap\" data-name=\"your-subject\"><input size=\"40\" maxlength=\"400\" class=\"wpcf7-form-control wpcf7-text wpcf7-validates-as-required\" aria-required=\"true\" aria-invalid=\"false\" value=\"\" type=\"text\" name=\"your-subject\" \/><\/span> <\/label>\n<\/p>\n<p><label> MENSAJE<br \/>\n<span class=\"wpcf7-form-control-wrap\" data-name=\"your-message\"><textarea cols=\"40\" rows=\"10\" maxlength=\"2000\" class=\"wpcf7-form-control wpcf7-textarea\" aria-invalid=\"false\" name=\"your-message\"><\/textarea><\/span> <\/label>\n<\/p>\n<p><span class=\"wpcf7-form-control-wrap\" data-name=\"acceptance-602\"><span class=\"wpcf7-form-control wpcf7-acceptance\"><span class=\"wpcf7-list-item\"><label><input type=\"checkbox\" name=\"acceptance-602\" value=\"1\" aria-invalid=\"false\" \/><span class=\"wpcf7-list-item-label\">He le\u00eddo y acepto la <a href=\"\/politica-de-privacidade\/\" target=\"_blank\">Pol\u00edtica de Privacidade<\/a><\/span><\/label><\/span><\/span><\/span>\n<\/p>\n<span class=\"wpcf7-form-control-wrap recaptcha\" data-name=\"recaptcha\"><span data-sitekey=\"6LehB5EsAAAAAIbOt5eygIfjrA8zxfAt0-NwTZU3\" data-align=\"left\" class=\"wpcf7-form-control wpcf7-recaptcha g-recaptcha\"><\/span>\r\n<noscript>\r\n\t<div class=\"grecaptcha-noscript\">\r\n\t\t<iframe loading=\"lazy\" src=\"https:\/\/www.google.com\/recaptcha\/api\/fallback?k=6LehB5EsAAAAAIbOt5eygIfjrA8zxfAt0-NwTZU3\" frameborder=\"0\" scrolling=\"no\" width=\"310\" height=\"430\">\r\n\t\t<\/iframe>\r\n\t\t<textarea name=\"g-recaptcha-response\" rows=\"3\" cols=\"40\" placeholder=\"Aqu\u00ed la respuesta de reCAPTCHA\">\r\n\t\t<\/textarea>\r\n\t<\/div>\r\n<\/noscript>\r\n<\/span>\n<p><input class=\"wpcf7-form-control wpcf7-submit has-spinner\" type=\"submit\" value=\"Enviar\" \/>\n<\/p><div class=\"wpcf7-response-output\" aria-hidden=\"true\"><\/div>\n<\/form>\n<\/div>\n<br><br><br>\n\n\n\t\t<\/div>\n\t\t\t\t\t<\/div>\n\n\t\n\n<\/div>\n\t<\/div>\n\t\n\t\n\n\t\t<\/div>\n\t\t\t\t\t<\/div>\n\n\t\n\n\t<div id=\"col-1966699170\" class=\"col hide-for-small medium-4 small-12 large-4\"  >\n\t\t\t\t<div class=\"col-inner\"  >\n\t\t\t\n\t\t\t\n\t\t<\/div>\n\t\t\t\t\t<\/div>\n\n\t\n<\/div>\n\t<div id=\"gap-42033307\" class=\"gap-element clearfix\" style=\"display:block; height:auto;\">\n\t\t\n<style>\n#gap-42033307 {\n  padding-top: 50px;\n}\n@media (min-width:550px) {\n  #gap-42033307 {\n    padding-top: 100px;\n  }\n}\n<\/style>\n\t<\/div>\n\t\n\t\t<\/div>\n\n\t\t\n<style>\n#section_1618140982 {\n  padding-top: 0px;\n  padding-bottom: 0px;\n}\n<\/style>\n\t<\/section>\n\t\n","protected":false},"excerpt":{"rendered":"","protected":false},"author":1,"featured_media":0,"parent":0,"menu_order":3,"comment_status":"closed","ping_status":"closed","template":"","meta":{"footnotes":""},"class_list":["post-2781","page","type-page","status-publish","hentry"],"_links":{"self":[{"href":"https:\/\/dovo.pt\/es\/wp-json\/wp\/v2\/pages\/2781","targetHints":{"allow":["GET"]}}],"collection":[{"href":"https:\/\/dovo.pt\/es\/wp-json\/wp\/v2\/pages"}],"about":[{"href":"https:\/\/dovo.pt\/es\/wp-json\/wp\/v2\/types\/page"}],"author":[{"embeddable":true,"href":"https:\/\/dovo.pt\/es\/wp-json\/wp\/v2\/users\/1"}],"replies":[{"embeddable":true,"href":"https:\/\/dovo.pt\/es\/wp-json\/wp\/v2\/comments?post=2781"}],"version-history":[{"count":8,"href":"https:\/\/dovo.pt\/es\/wp-json\/wp\/v2\/pages\/2781\/revisions"}],"predecessor-version":[{"id":2953,"href":"https:\/\/dovo.pt\/es\/wp-json\/wp\/v2\/pages\/2781\/revisions\/2953"}],"wp:attachment":[{"href":"https:\/\/dovo.pt\/es\/wp-json\/wp\/v2\/media?parent=2781"}],"curies":[{"name":"wp","href":"https:\/\/api.w.org\/{rel}","templated":true}]}}